{"id":1953,"date":"2025-12-22T12:23:24","date_gmt":"2025-12-22T12:23:24","guid":{"rendered":"https:\/\/schultecoach.lt\/?post_type=product&#038;p=1953"},"modified":"2025-12-22T12:43:22","modified_gmt":"2025-12-22T12:43:22","slug":"mental-training-blueprint-for-cue-sports-players","status":"publish","type":"product","link":"https:\/\/schultecoach.lt\/lt\/produktas\/mental-training-blueprint-for-cue-sports-players","title":{"rendered":"Biud\u017eeto sporto \u017eaid\u0117j\u0173 psichinio treniravimo planas"},"content":{"rendered":"<p><strong>Biud\u017eeto sporto \u017eaid\u0117j\u0173 psichinio treniravimo planas<\/strong><br \/><strong>Pagerinti rungtyni\u0173 \u017eaidim\u0105 ir turnyr\u0173 rezultatus<\/strong><\/p>\n<p>Nesvarbu, koki\u0105 biliardo lazd\u0105 \u017eaid\u017eiate \u2013 snuker\u012f, biliard\u0105, piramid\u0119 \u2013<br \/><strong>psichologinis lavinimas n\u0117ra privalomas<\/strong>.<br \/>Gali tau tai patikti arba ne, gali tuo tik\u0117ti arba ignoruoti,<br \/>ta\u010diau kiekvienas \u017eaid\u0117jas susiduria su tais pa\u010diais i\u0161\u0161\u016bkiais:<br \/>spaudimas rungtyn\u0117se<br \/>neigiamos emocijos po klaid\u0173<br \/>energijos ar d\u0117mesio stoka<br \/>nusivylimas, pyktis, li\u016bdesys po blog\u0173 pasirodym\u0173<br \/>turnyruose \u017eaid\u017eia blogiau nei treniruot\u0117se<br \/>Tai n\u0117ra asmenin\u0117 yda.<br \/>Tai yra <strong>\u017eaidimo dalis<\/strong> \u2013 visais lygmenimis, kult\u016brose ir \u0161alyse.<br \/>Ir b\u016btent tod\u0117l protinis treniravimas yra vienas i\u0161 <strong>svarbiausi \u012fg\u016bd\u017eiai<\/strong> galite tobul\u0117ti \u2013 abu <strong>\u012fjungta<\/strong> ir <strong>i\u0161jungtas<\/strong> stalas.<\/p>\n<p><strong>Kod\u0117l \u0161is kursas egzistuoja<\/strong><br \/>Dauguma \u017eaid\u0117j\u0173 sunkiai dirba ties:<br \/>technika<br \/>gr\u0105\u017etai<br \/>vazon\u0173<br \/>u\u017euominos veiksmas<br \/>Ta\u010diau j\u0173 rezultatai i\u0161lieka nestabil\u016bs.<br \/>Jie puikiai atrodo praktikoje...<br \/>bet esant spaudimui, viskas atrodo kitaip.<br \/>Taip yra tod\u0117l, kad <strong>Technika ir \u017eaidimo i\u0161manymas pasirei\u0161kia tik tada, kai j\u016bs\u0173 nerv\u0173 sistema leid\u017eia tai daryti.<\/strong>.<br \/>Psichikos lavinimas yra tiltas tarp:<br \/>k\u0105 tu <em>\u017einoti<\/em><br \/>ir k\u0105 galite <em>naudoti, kai tai svarbu<\/em><br \/>\u0160ie kursai n\u0117ra apie \u201cpozityv\u0173 m\u0105stym\u0105\u201d ar motyvacinius pokalbius.<br \/>Tai yra apie <strong>sistemos, kuri nusprend\u017eia, kaip j\u016bs elgiat\u0117s streso s\u0105lygomis, mokymas<\/strong>.<\/p>\n<p><strong>\u0160io kurso tema: protas \u2013 k\u016bnas \u2013 dvasia<\/strong><br \/>\u0160iame kurse aptarsiu <strong>trys pagrindin\u0117s sritys<\/strong> kurie lemia na\u0161um\u0105:<br \/><strong>1. Protas<\/strong><br \/>d\u0117mesio ir d\u0117mesio kontrol\u0117<br \/>emocij\u0173 reguliavimas<br \/>sprendim\u0173 pri\u0117mimas esant spaudimui<br \/>klaid\u0173 ir impulso poky\u010di\u0173 valdymas<br \/><strong>2. K\u016bnas<\/strong><br \/>energijos valdymas<br \/>fizinis pasiruo\u0161imas biliardo sportui<br \/>streso ma\u017einimas<br \/>atsigavimas, miegas, mityba ir jud\u0117jimas<br \/><strong>3. Dvasia<\/strong><br \/>motyvacija ir prasm\u0117<br \/>konkurento tapatyb\u0117<br \/>pasitik\u0117jimas savimi, kylantis i\u0161 pasiruo\u0161imo, o ne i\u0161 ego<br \/>ilgalaikis atsparumas ir nuoseklumas<br \/>Kiekvienoje i\u0161 \u0161i\u0173 sri\u010di\u0173 gausite:<br \/><strong>ai\u0161ki\u0173 sistem\u0173<\/strong><br \/><strong>praktin\u0117s taisykl\u0117s<\/strong><br \/><strong>nuoseklios instrukcijos<\/strong><br \/><strong>real\u016bs pavyzd\u017eiai i\u0161 var\u017eyb\u0173<\/strong><br \/>Taigi galite <strong>pritaikykite j\u012f nedelsdami<\/strong> \u2013 kasdien\u0117se treniruot\u0117se, rungtyn\u0117se ir turnyruose.<\/p>\n<p><strong>Ko galite tik\u0117tis (s\u0105\u017einingas pa\u017eadas)<\/strong><br \/>Kai kurie rezultatai ateis <strong>greitai<\/strong>:<br \/>geresnis d\u0117mesys<br \/>ramesn\u0117s reakcijos<br \/>ai\u0161kesni sprendimai<br \/>Kiti rezultatai ateis <strong>laikui b\u0117gant<\/strong>:<br \/>nuoseklumas esant spaudimui<br \/>emocinis stabilumas<br \/>pasitik\u0117jimas, kuris i\u0161lieka<br \/>Kas garantuota, tai \u0161tai kas:<br \/><strong>\u012egysite \u012fg\u016bd\u017ei\u0173, kurie pravers ne tik prie stalo \u2013<br \/>\u012f savo gyvenim\u0105, darb\u0105 ir santykius.<\/strong><br \/>Psichologinis treniravimas yra ne tik geresnis \u017eaidimas.<br \/>Kalbama apie tai, kaip tapti stabilesniu, s\u0105moningesniu ir atsparesniu asmeniu.<\/p>\n<p><strong>Kod\u0117l galite pasitik\u0117ti \u0161ia sistema<\/strong><br \/>Mano vardas yra <strong>Vilius Schulte-Ebbert<\/strong>.<br \/>Esu Lietuvos snukerio ir biliardo \u017eaid\u0117jas bei profesionalus treneris, turintis:<br \/><strong>16+ met\u0173 \u017eaidimo patirtis<\/strong><br \/><strong>11 met\u0173 kou\u010dingo patirtis<\/strong><br \/><strong>Daugiau nei 1500 \u017eaid\u0117j\u0173, treniruojam\u0173 gyvai ir internetu<\/strong><br \/>\u017daid\u0117jai i\u0161 <strong>45 \u0161alys<\/strong><br \/>Am\u017eius nuo <strong>6\u201382<\/strong><br \/>Patirtis <strong>snuker\u012f, biliard\u0105 ir piramid\u0119<\/strong><br \/>A\u0161 laim\u0117jau <strong>50+ turnyr\u0173<\/strong> mano \u0161alyje ir regione,<br \/>ir a\u0161 pad\u0117jau ugdyti \u017eaid\u0117jus:<br \/>nuo nulio<br \/>iki nacionalini\u0173 \u010dempion\u0173<br \/>Bet dar svarbiau:<br \/>A\u0161 neu\u017eaugau tobuloje sistemoje.<br \/>Daugel\u012f dalyk\u0173 tur\u0117jau i\u0161siai\u0161kinti sunkiuoju b\u016bdu.<br \/>A\u0161 eksperimentavau.<br \/>Man nepavyko.<br \/>Padariau klaid\u0173.<br \/>Susid\u016briau su nusivylimu.<br \/>Ir per daugel\u012f met\u0173 patirties, apm\u0105stym\u0173 ir mokymosi i\u0161 daugelio treneri\u0173 bei \u017eaid\u0117j\u0173 a\u0161 pama\u017eu supratau <strong>kas i\u0161 tikr\u0173j\u0173 veikia<\/strong>.<br \/>\u0160is kursas yra tos kelion\u0117s rezultatas.<\/p>\n<p><strong>K\u0105 \u0161is kursas jums pad\u0117s padaryti<\/strong><br \/>\u0160iuose kursuose i\u0161moksite:<br \/>kaip treniruoti savo <strong>psichologinis \u017eaidimas ant stalo<\/strong><br \/>kaip treniruotis <strong>nuo stalo<\/strong><br \/>kaip paruo\u0161ti savo k\u016bn\u0105 psichologiniams kr\u016bviams<br \/>kaip apm\u0105styti gerus ir blogus pasirodymus<br \/>kaip treniruotis su <strong>tikslas ir d\u0117mesys<\/strong>, ne tik kartojimas<br \/>kaip i\u0161vengti <strong>Da\u017eniausios psichin\u0117s aklosios d\u0117m\u0117s<\/strong><br \/>kaip pasiekti kuo artimesn\u012f savo tikrajam lygiui, kai to reikia<br \/>Liausit\u0117s sp\u0117lioj\u0119.<br \/>Nustosite reaguoti atsitiktinai.<br \/>J\u016bs prad\u0117site <strong>suprasti save kaip atlik\u0117j\u0105<\/strong>.<\/p>\n<p><strong>Galutin\u0117 mintis<\/strong><br \/>Psichologinis treniravimas nepakei\u010dia technikos ar \u017eaidimo \u017eini\u0173.<br \/>Tai <strong>atrakina juos<\/strong>.<br \/>Jei esate pasiruo\u0161\u0119:<br \/>prisiimkite vis\u0105 atsakomyb\u0119 u\u017e savo pasirodym\u0105<br \/>treniruokit\u0117s protingiau, ne tik sunkiau<br \/>ir ugdyti stabil\u0173, atspar\u0173 konkurencing\u0105 m\u0105stysen\u0105<br \/>\u0160is br\u0117\u017einys suteiks jums strukt\u016br\u0105, kaip tai padaryti.<br \/>Prad\u0117kime.<br \/>\u00a0<br \/>\u012etraukta \u2013 \u0161tai <strong>kainodaros blokas<\/strong> ai\u0161kiai atskirti (galite \u012fklijuoti bet kur):<\/p>\n<p><strong>\ud83d\udcb6 Kaina ir k\u0105 gausite<\/strong><br \/><strong>\u2705 Bandomojo projekto pasi\u016blymas (pirmieji 20 \u017eaid\u0117j\u0173)<\/strong><br \/><strong>I\u0161 viso 60 \u20ac<\/strong><br \/>\u012eskai\u010diuota:<br \/>\ud83d\udcd8 <strong>Psichikos lavinimo planas (visa prieiga prie kurso)<\/strong><br \/>\ud83e\udde0 <strong>1\u00d7 privati internetin\u0117 konsultacija su manimi (60 minu\u010di\u0173)<\/strong><br \/>\u2192 asmeninis tobul\u0117jimo planas (koncentracija, rungtyni\u0173 eiga, pasiruo\u0161imas turnyrui, \u012fpro\u010diai)<\/p>\n<p><strong>\u23f3 Viet\u0173 skai\u010dius ribotas \u2013 iki 20 \u017emoni\u0173<\/strong><br \/>Po pirm\u0173j\u0173 20:<br \/>kain\u0173 padid\u0117jimas iki <strong>\u20ac180<\/strong><br \/>asmenin\u0117 prieiga bus labiau ribota<\/p>","protected":false},"excerpt":{"rendered":"<p>Praktin\u0117 psichologinio treniravimo sistema biliardo sporto \u017eaid\u0117jams, padedanti pasiekti geresni\u0173 rezultat\u0173 esant spaudimui, gerinant susikaupim\u0105, emocij\u0173 kontrol\u0119 ir sprendim\u0173 pri\u0117mim\u0105 rungtyn\u0117se bei turnyruose. Sukurta remiantis realia trenerio patirtimi, \u0161i sistema pateikia ai\u0161kius nuoseklius principus, kuriuos galite i\u0161 karto pritaikyti tiek \u017eaid\u017eiant, tiek u\u017e jos rib\u0173, kad pasiektum\u0117te nuoseklesni\u0173 rezultat\u0173.<\/p>","protected":false},"featured_media":1954,"comment_status":"open","ping_status":"closed","template":"","meta":{"_kadence_starter_templates_imported_post":false,"_kad_post_transparent":"","_kad_post_title":"","_kad_post_layout":"","_kad_post_sidebar_id":"","_kad_post_content_style":"","_kad_post_vertical_padding":"","_kad_post_feature":"","_kad_post_feature_position":"","_kad_post_header":false,"_kad_post_footer":false},"product_brand":[],"product_cat":[36],"product_tag":[68],"class_list":{"0":"post-1953","1":"product","2":"type-product","3":"status-publish","4":"has-post-thumbnail","6":"product_cat-courses","7":"product_tag-mental-game","9":"first","10":"instock","11":"sale","12":"shipping-taxable","13":"purchasable","14":"product-type-simple","15":"entry","16":"content-bg","17":"loop-entry"},"_links":{"self":[{"href":"https:\/\/schultecoach.lt\/lt\/wp-json\/wp\/v2\/product\/1953","targetHints":{"allow":["GET"]}}],"collection":[{"href":"https:\/\/schultecoach.lt\/lt\/wp-json\/wp\/v2\/product"}],"about":[{"href":"https:\/\/schultecoach.lt\/lt\/wp-json\/wp\/v2\/types\/product"}],"replies":[{"embeddable":true,"href":"https:\/\/schultecoach.lt\/lt\/wp-json\/wp\/v2\/comments?post=1953"}],"wp:featuredmedia":[{"embeddable":true,"href":"https:\/\/schultecoach.lt\/lt\/wp-json\/wp\/v2\/media\/1954"}],"wp:attachment":[{"href":"https:\/\/schultecoach.lt\/lt\/wp-json\/wp\/v2\/media?parent=1953"}],"wp:term":[{"taxonomy":"product_brand","embeddable":true,"href":"https:\/\/schultecoach.lt\/lt\/wp-json\/wp\/v2\/product_brand?post=1953"},{"taxonomy":"product_cat","embeddable":true,"href":"https:\/\/schultecoach.lt\/lt\/wp-json\/wp\/v2\/product_cat?post=1953"},{"taxonomy":"product_tag","embeddable":true,"href":"https:\/\/schultecoach.lt\/lt\/wp-json\/wp\/v2\/product_tag?post=1953"}],"curies":[{"name":"wp","href":"https:\/\/api.w.org\/{rel}","templated":true}]}}