{"id":1913,"date":"2025-11-04T09:51:11","date_gmt":"2025-11-04T09:51:11","guid":{"rendered":"https:\/\/schultecoach.lt\/?post_type=product&#038;p=1913"},"modified":"2025-11-04T11:44:10","modified_gmt":"2025-11-04T11:44:10","slug":"snooker-training-blueprint","status":"publish","type":"product","link":"https:\/\/schultecoach.lt\/lt\/produktas\/snooker-training-blueprint","title":{"rendered":"Snukerio treniruo\u010di\u0173 plano kursas"},"content":{"rendered":"<p><img decoding=\"async\" role=\"img\" class=\"emoji\" src=\"https:\/\/s.w.org\/images\/core\/emoji\/16.0.1\/svg\/1f3b1.svg\" alt=\"\ud83c\udfb1\"> <strong>Snukerio treniruo\u010di\u0173 planas<\/strong><a href=\"https:\/\/www.youtube.com\/watch?v=BwYpQpTxJZQ\" data-type=\"link\" data-id=\"https:\/\/www.youtube.com\/watch?v=BwYpQpTxJZQ\"> <\/a><a href=\"https:\/\/www.youtube.com\/watch?v=BwYpQpTxJZQ\" data-type=\"link\" data-id=\"https:\/\/www.youtube.com\/watch?v=BwYpQpTxJZQ\">https:\/\/www.youtube.com\/watch?v=BwYpQpTxJZQ<\/a> (Bandomasis vaizdo \u012fra\u0161as)<br \/><strong>Kurso trukm\u0117:<\/strong> 1 val. 40 min.<br \/>Atskleiskite visaver\u010dio, visapusio snukerio \u017eaidimo paslaptis su <strong>Snukerio treniruo\u010di\u0173 planas<\/strong> \u2014 i\u0161samus vaizdo kursas, sukurtas tiesiai i\u0161 <strong>22 da\u017eniausiai \u017eaid\u0117j\u0173 u\u017eduodami klausimai<\/strong> apie savo \u017eaidimo tobulinim\u0105.<br \/>\u0160is kursas gilinasi \u012f <strong>S\u0117kmingo snukerio pagrindiniai pagrindai<\/strong>, apimantis visk\u0105 \u2013 nuo techninio meistri\u0161kumo iki pa\u017eangaus taktinio m\u0105stymo. \u012egysite ai\u0161kesn\u012f supratim\u0105, kaip \u017eaisti protingiau, i\u0161likti kontroliuojamam ir u\u017etikrintai valdyti kiekvien\u0105 situacij\u0105.<br \/><img decoding=\"async\" role=\"img\" class=\"emoji\" src=\"https:\/\/s.w.org\/images\/core\/emoji\/16.0.1\/svg\/2705.svg\" alt=\"\u2705\"> <strong>Ko i\u0161moksite:<\/strong><br \/><strong>Rafinuota technika:<\/strong> Su\u017einokite, kaip sukurti pasikartojant\u012f, nuosekl\u0173 u\u017euominos veiksm\u0105, u\u017etikrinant\u012f tikslum\u0105 ir kontrol\u0119.<br \/><strong>Bizomo kamuoliuko valdymo meistri\u0161kumas:<\/strong> I\u0161mokite tiksliai pozicionuoti balt\u0105 spalv\u0105, kad per\u0117jimai b\u016bt\u0173 sklandesni ir pertraukos b\u016bt\u0173 didesn\u0117s.<br \/><strong>Taktinis ir saugus \u017eaidimas:<\/strong> Supraskite, kaip pergudrauti prie\u0161inink\u0105, valdyti situacij\u0105 ir laim\u0117ti taktines kovas.<br \/><strong>Pozicinis s\u0105moningumas:<\/strong> Efektyviam puolimui kurti geriau parinkin\u0117kite sm\u016bgius ir \u017eaiskite pagal \u017eaidimo schem\u0105.<br \/><strong>Psichin\u0117 stipryb\u0117:<\/strong> I\u0161likite susikaup\u0119 ir ram\u016bs esant spaudimui, sunkius kadrus paversdami pergal\u0117mis.<br \/>Kiekviena pamoka sukurta remiantis realiais \u017eaid\u0117j\u0173 i\u0161\u0161\u016bkiais ir praktiniais sprendimais \u2013 tai padeda susieti teorij\u0105 su realiu pasirodymu prie stalo.<br \/>Baig\u0119s <strong>Snukerio treniruo\u010di\u0173 planas<\/strong>, tur\u0117site \u017eini\u0173, strukt\u016bros ir pasitik\u0117jimo savimi, kad pakeltum\u0117te savo \u017eaidimo lyg\u012f \u2013 nesvarbu, ar treniruojat\u0117s vieni, ar ruo\u0161iat\u0117s turnyrui.<\/p>","protected":false},"excerpt":{"rendered":"<p>\u012evaldykite technik\u0105, biliardo kamuoliuko valdym\u0105 ir saug\u0173 \u017eaidim\u0105 naudodami nuosekli\u0105 sistem\u0105, sudaryt\u0105 i\u0161 tikr\u0173 \u017eaid\u0117j\u0173 klausim\u0173.<\/p>","protected":false},"featured_media":1915,"comment_status":"open","ping_status":"closed","template":"","meta":{"_kadence_starter_templates_imported_post":false,"_kad_post_transparent":"","_kad_post_title":"","_kad_post_layout":"","_kad_post_sidebar_id":"","_kad_post_content_style":"","_kad_post_vertical_padding":"","_kad_post_feature":"","_kad_post_feature_position":"","_kad_post_header":false,"_kad_post_footer":false},"product_brand":[],"product_cat":[36],"product_tag":[56,57,59],"class_list":{"0":"post-1913","1":"product","2":"type-product","3":"status-publish","4":"has-post-thumbnail","6":"product_cat-courses","7":"product_tag-break-building","8":"product_tag-cue-ball-control","9":"product_tag-snooker-skills","11":"first","12":"instock","13":"sale","14":"downloadable","15":"shipping-taxable","16":"purchasable","17":"product-type-simple","18":"entry","19":"content-bg","20":"loop-entry"},"_links":{"self":[{"href":"https:\/\/schultecoach.lt\/lt\/wp-json\/wp\/v2\/product\/1913","targetHints":{"allow":["GET"]}}],"collection":[{"href":"https:\/\/schultecoach.lt\/lt\/wp-json\/wp\/v2\/product"}],"about":[{"href":"https:\/\/schultecoach.lt\/lt\/wp-json\/wp\/v2\/types\/product"}],"replies":[{"embeddable":true,"href":"https:\/\/schultecoach.lt\/lt\/wp-json\/wp\/v2\/comments?post=1913"}],"wp:featuredmedia":[{"embeddable":true,"href":"https:\/\/schultecoach.lt\/lt\/wp-json\/wp\/v2\/media\/1915"}],"wp:attachment":[{"href":"https:\/\/schultecoach.lt\/lt\/wp-json\/wp\/v2\/media?parent=1913"}],"wp:term":[{"taxonomy":"product_brand","embeddable":true,"href":"https:\/\/schultecoach.lt\/lt\/wp-json\/wp\/v2\/product_brand?post=1913"},{"taxonomy":"product_cat","embeddable":true,"href":"https:\/\/schultecoach.lt\/lt\/wp-json\/wp\/v2\/product_cat?post=1913"},{"taxonomy":"product_tag","embeddable":true,"href":"https:\/\/schultecoach.lt\/lt\/wp-json\/wp\/v2\/product_tag?post=1913"}],"curies":[{"name":"wp","href":"https:\/\/api.w.org\/{rel}","templated":true}]}}