{"id":1904,"date":"2025-11-04T09:02:06","date_gmt":"2025-11-04T09:02:06","guid":{"rendered":"https:\/\/schultecoach.lt\/?post_type=product&#038;p=1904"},"modified":"2025-11-04T09:36:34","modified_gmt":"2025-11-04T09:36:34","slug":"break-building-147-practice-routines-coaching","status":"publish","type":"product","link":"https:\/\/schultecoach.lt\/lt\/produktas\/break-building-147-practice-routines-coaching","title":{"rendered":"Pertraukos formavimas \/ 147 praktikos + kou\u010dingas"},"content":{"rendered":"<p><img decoding=\"async\" role=\"img\" class=\"emoji\" src=\"https:\/\/s.w.org\/images\/core\/emoji\/16.0.1\/svg\/1f3af.svg\" alt=\"\ud83c\udfaf\"> Break Building \/ 147 Snookerio treniruo\u010di\u0173 programa<br \/>Atskleiskite vis\u0105 savo potencial\u0105 su m\u016bs\u0173 <strong>Break Building \/ 147 Snookerio treniruo\u010di\u0173 programa<\/strong> \u2013 tai pa\u017eangiausia treniruo\u010di\u0173 sistema, skirta \u017eaid\u0117jams, kurie rimtai siekia \u012fvaldyti rezultatyvumo ir nuoseklumo spaud\u017eiant \u017eaid\u0117jams.<br \/>Nesvarbu, ar esate <strong>tarpinis<\/strong> arba <strong>pa\u017eangus<\/strong> \u017daid\u0117jui, siekian\u010diam pakelti savo \u017eaidim\u0105 \u012f kit\u0105 lyg\u012f, \u0161i programa pagerins kiekvien\u0105 j\u016bs\u0173 \u017eaidimo aspekt\u0105:<br \/><img decoding=\"async\" role=\"img\" class=\"emoji\" src=\"https:\/\/s.w.org\/images\/core\/emoji\/16.0.1\/svg\/2705.svg\" alt=\"\u2705\"> <strong>Ugdykite tiksl\u0173 biliardo kamuoliuko valdym\u0105<\/strong> \u2013 I\u0161mokite u\u017etikrintai ir tiksliai valdyti balt\u0105 kamuoliuk\u0105.<br \/><img decoding=\"async\" role=\"img\" class=\"emoji\" src=\"https:\/\/s.w.org\/images\/core\/emoji\/16.0.1\/svg\/2705.svg\" alt=\"\u2705\"> <strong>\u201eMaster Break\u201c statybos technikos<\/strong> \u2013 Nuolat kurkite auk\u0161tus pra\u017eang\u0173 lygius ir supraskite profesionalaus lygio ta\u0161k\u0173 skai\u010diavimo paslaptis.<br \/><img decoding=\"async\" role=\"img\" class=\"emoji\" src=\"https:\/\/s.w.org\/images\/core\/emoji\/16.0.1\/svg\/2705.svg\" alt=\"\u2705\"> <strong>Patobulinkite ra\u0161t\u0173 grojim\u0105<\/strong> \u2013 Lavinkite savo prot\u0105 atpa\u017einti ir vykdyti efektyvius pozicinius mar\u0161rutus kaip profesionalai.<br \/><img decoding=\"async\" role=\"img\" class=\"emoji\" src=\"https:\/\/s.w.org\/images\/core\/emoji\/16.0.1\/svg\/2705.svg\" alt=\"\u2705\"> <strong>Padidinkite protin\u012f susikaupim\u0105 ir pasitik\u0117jim\u0105 savimi<\/strong> \u2013 I\u0161likite ram\u016bs, a\u0161tr\u016bs ir kontroliuokite situacij\u0105 net ir \u012ftemptose turnyro situacijose.<br \/>Su <strong>20 profesionaliai sukurt\u0173 praktikos schem\u0173<\/strong> (plius variacijos), mesite sau i\u0161\u0161\u016bk\u012f m\u0105styti protingiau, \u017eaisti stipriau ir pasirodyti kuo geriau.<br \/>Po keli\u0173 savai\u010di\u0173 krypting\u0173 praktik\u0173 pasteb\u0117site, <strong>reik\u0161mingas pager\u0117jimas<\/strong> turnyro \u017eaidime \u2013 demonstruodami nepriekai\u0161tingus rezultatus, net kai statymai yra dideli.<br \/><img decoding=\"async\" role=\"img\" class=\"emoji\" src=\"https:\/\/s.w.org\/images\/core\/emoji\/16.0.1\/svg\/1f4a5.svg\" alt=\"\ud83d\udca5\"> <strong>I\u0161skirtinis bonusas:<\/strong><br \/>Kiekvienas \u017eaid\u0117jas, \u012fsigij\u0119s program\u0105, gauna <strong>NEMOKAMA 20\u201330 minu\u010di\u0173 trukm\u0117s individuali mokymo konsultacija<\/strong> aptarti strategij\u0105, technik\u0105 ir kaip gauti kuo daugiau naudos i\u0161 savo praktikos! <\/p>\n<p>Mano kontaktin\u0117 informacija \u2013 +37062089254 arba el. pa\u0161tas Schulte.Ebbert@gmail.com<\/p>","protected":false},"excerpt":{"rendered":"<p><strong>Patobulinkite savo biliardo kamuoliuko valdym\u0105, patobulinkite atak\u0173 schem\u0173 k\u016brim\u0105 ir \u017eaiskite kaip geriausias turnyro dalyvis.<br \/><\/strong><\/p>","protected":false},"featured_media":1903,"comment_status":"open","ping_status":"closed","template":"","meta":{"_kadence_starter_templates_imported_post":false,"_kad_post_transparent":"","_kad_post_title":"","_kad_post_layout":"","_kad_post_sidebar_id":"","_kad_post_content_style":"","_kad_post_vertical_padding":"","_kad_post_feature":"","_kad_post_feature_position":"","_kad_post_header":false,"_kad_post_footer":false},"product_brand":[],"product_cat":[39,55],"product_tag":[56,57,59],"class_list":{"0":"post-1904","1":"product","2":"type-product","3":"status-publish","4":"has-post-thumbnail","6":"product_cat-lessons","7":"product_cat-training-programscoaching","8":"product_tag-break-building","9":"product_tag-cue-ball-control","10":"product_tag-snooker-skills","12":"first","13":"instock","14":"sale","15":"downloadable","16":"shipping-taxable","17":"purchasable","18":"product-type-simple","19":"entry","20":"content-bg","21":"loop-entry"},"_links":{"self":[{"href":"https:\/\/schultecoach.lt\/lt\/wp-json\/wp\/v2\/product\/1904","targetHints":{"allow":["GET"]}}],"collection":[{"href":"https:\/\/schultecoach.lt\/lt\/wp-json\/wp\/v2\/product"}],"about":[{"href":"https:\/\/schultecoach.lt\/lt\/wp-json\/wp\/v2\/types\/product"}],"replies":[{"embeddable":true,"href":"https:\/\/schultecoach.lt\/lt\/wp-json\/wp\/v2\/comments?post=1904"}],"wp:featuredmedia":[{"embeddable":true,"href":"https:\/\/schultecoach.lt\/lt\/wp-json\/wp\/v2\/media\/1903"}],"wp:attachment":[{"href":"https:\/\/schultecoach.lt\/lt\/wp-json\/wp\/v2\/media?parent=1904"}],"wp:term":[{"taxonomy":"product_brand","embeddable":true,"href":"https:\/\/schultecoach.lt\/lt\/wp-json\/wp\/v2\/product_brand?post=1904"},{"taxonomy":"product_cat","embeddable":true,"href":"https:\/\/schultecoach.lt\/lt\/wp-json\/wp\/v2\/product_cat?post=1904"},{"taxonomy":"product_tag","embeddable":true,"href":"https:\/\/schultecoach.lt\/lt\/wp-json\/wp\/v2\/product_tag?post=1904"}],"curies":[{"name":"wp","href":"https:\/\/api.w.org\/{rel}","templated":true}]}}