{"id":1801,"date":"2025-04-27T04:02:46","date_gmt":"2025-04-27T04:02:46","guid":{"rendered":"https:\/\/schultecoach.lt\/?post_type=product&#038;p=1801"},"modified":"2026-01-29T08:58:04","modified_gmt":"2026-01-29T08:58:04","slug":"aiming-and-alignment-course","status":"publish","type":"product","link":"https:\/\/schultecoach.lt\/lt\/produktas\/aiming-and-alignment-course","title":{"rendered":"Nukreipimo ir lygiavimo kursas"},"content":{"rendered":"<p><strong>Nukreipimo ir lygiavimo kursas<\/strong>A\u0161<strong>Pagerinkite savo vazonus ir j\u0173 nuoseklum\u0105<br \/><\/strong>Ei<strong>,<\/strong><br \/>Turiu tau taikymosi ir lygiavimo kurs\u0105.<br \/>Jei norite pagerinti bendr\u0105 sodinim\u0105 ir nuoseklum\u0105, tai pad\u0117s jums tai pasiekti.<br \/>K\u0105 gausite \u2b07<br \/>\u2705Pagrindin\u0117s taikymosi ir derinimo klaidos<br \/>\u2705Kaip rasti savo reg\u0117jimo centr\u0105<br \/>\u2705Ties\u016bs ir kampuoti kadrai<br \/>\u2705Teorin\u0117s ir praktin\u0117s mokymo id\u0117jos, pratim\u0173 strukt\u016bra su grafikais, paveiksl\u0117liais ir vaizdo \u012fra\u0161\u0173 nuorodomis.<\/p>","protected":false},"excerpt":{"rendered":"<p>Pagerinkite savo taikym\u0105si tiesiais ir kampuotais sm\u016bgiais. Praktikuokite strukt\u016br\u0105, tikslus ir sustiprinkite savo \u017eaidim\u0105.<\/p>","protected":false},"featured_media":1805,"comment_status":"open","ping_status":"closed","template":"","meta":{"_kadence_starter_templates_imported_post":false,"_kad_post_transparent":"","_kad_post_title":"","_kad_post_layout":"","_kad_post_sidebar_id":"","_kad_post_content_style":"","_kad_post_vertical_padding":"","_kad_post_feature":"","_kad_post_feature_position":"","_kad_post_header":false,"_kad_post_footer":false},"product_brand":[],"product_cat":[36,55],"product_tag":[60,61],"class_list":{"0":"post-1801","1":"product","2":"type-product","3":"status-publish","4":"has-post-thumbnail","6":"product_cat-courses","7":"product_cat-training-programscoaching","8":"product_tag-aimingalignment","9":"product_tag-potting","11":"first","12":"instock","13":"sale","14":"featured","15":"downloadable","16":"shipping-taxable","17":"purchasable","18":"product-type-simple","19":"entry","20":"content-bg","21":"loop-entry"},"_links":{"self":[{"href":"https:\/\/schultecoach.lt\/lt\/wp-json\/wp\/v2\/product\/1801","targetHints":{"allow":["GET"]}}],"collection":[{"href":"https:\/\/schultecoach.lt\/lt\/wp-json\/wp\/v2\/product"}],"about":[{"href":"https:\/\/schultecoach.lt\/lt\/wp-json\/wp\/v2\/types\/product"}],"replies":[{"embeddable":true,"href":"https:\/\/schultecoach.lt\/lt\/wp-json\/wp\/v2\/comments?post=1801"}],"wp:featuredmedia":[{"embeddable":true,"href":"https:\/\/schultecoach.lt\/lt\/wp-json\/wp\/v2\/media\/1805"}],"wp:attachment":[{"href":"https:\/\/schultecoach.lt\/lt\/wp-json\/wp\/v2\/media?parent=1801"}],"wp:term":[{"taxonomy":"product_brand","embeddable":true,"href":"https:\/\/schultecoach.lt\/lt\/wp-json\/wp\/v2\/product_brand?post=1801"},{"taxonomy":"product_cat","embeddable":true,"href":"https:\/\/schultecoach.lt\/lt\/wp-json\/wp\/v2\/product_cat?post=1801"},{"taxonomy":"product_tag","embeddable":true,"href":"https:\/\/schultecoach.lt\/lt\/wp-json\/wp\/v2\/product_tag?post=1801"}],"curies":[{"name":"wp","href":"https:\/\/api.w.org\/{rel}","templated":true}]}}