{"id":1687,"date":"2024-06-08T17:28:11","date_gmt":"2024-06-08T17:28:11","guid":{"rendered":"https:\/\/schultecoach.lt\/?post_type=product&#038;p=1687"},"modified":"2025-11-04T11:36:46","modified_gmt":"2025-11-04T11:36:46","slug":"snooker-basics-course","status":"publish","type":"product","link":"https:\/\/schultecoach.lt\/lt\/produktas\/snooker-basics-course","title":{"rendered":"Snukerio pagrind\u0173 kursas"},"content":{"rendered":"<p>\u201cVaizdo \u012fra\u0161o kurs\u0105 \u201dSnukerio pagrindai\u201c sudaro:<\/p>\n<p><strong>Tilto rank\u0173 pagrindai:<\/strong> Snukerio tobulinimo pagrindas, daugiausia d\u0117mesio skiriant tvirtos brid\u017eo rankos formavimui.<\/p>\n<p><strong>Tvirti bendri technikos principai:<\/strong> Apima pozicij\u0105, adres\u0105<\/p>\n<p><strong>Pa\u017eangios technikos principai:<\/strong> Susisiekimo ta\u0161k\u0173, nepatogi\u0173 stov\u0117sen\u0173, kamuoliuko \u012fmetimo kamp\u0173, lazdos metimo grei\u010dio, \u017eaidimo poilsis, pab\u0117gim\u0173 snukeryje ir kita tyrin\u0117jimas.<\/p>\n<p><strong>Tiesiogin\u0117s snukerio treniruot\u0117s:<\/strong> Pradedantiesiems, parodoma, kaip treniruoti save nuo nulio.<\/p>","protected":false},"excerpt":{"rendered":"<p>Su \u0161iuo vaizdo kursu galite \u012fvaldyti snukerio pagrindus<\/p>","protected":false},"featured_media":1912,"comment_status":"open","ping_status":"closed","template":"","meta":{"_kadence_starter_templates_imported_post":false,"_kad_post_transparent":"","_kad_post_title":"","_kad_post_layout":"","_kad_post_sidebar_id":"","_kad_post_content_style":"","_kad_post_vertical_padding":"","_kad_post_feature":"","_kad_post_feature_position":"","_kad_post_header":false,"_kad_post_footer":false},"product_brand":[],"product_cat":[36,39,32],"product_tag":[63,60,56,64,62],"class_list":{"0":"post-1687","1":"product","2":"type-product","3":"status-publish","4":"has-post-thumbnail","6":"product_cat-courses","7":"product_cat-lessons","8":"product_cat-uncategorized","9":"product_tag-address-position","10":"product_tag-aimingalignment","11":"product_tag-break-building","12":"product_tag-bridging","13":"product_tag-stance","15":"first","16":"instock","17":"shipping-taxable","18":"purchasable","19":"product-type-variable","20":"has-default-attributes","21":"entry","22":"content-bg","23":"loop-entry"},"_links":{"self":[{"href":"https:\/\/schultecoach.lt\/lt\/wp-json\/wp\/v2\/product\/1687","targetHints":{"allow":["GET"]}}],"collection":[{"href":"https:\/\/schultecoach.lt\/lt\/wp-json\/wp\/v2\/product"}],"about":[{"href":"https:\/\/schultecoach.lt\/lt\/wp-json\/wp\/v2\/types\/product"}],"replies":[{"embeddable":true,"href":"https:\/\/schultecoach.lt\/lt\/wp-json\/wp\/v2\/comments?post=1687"}],"wp:featuredmedia":[{"embeddable":true,"href":"https:\/\/schultecoach.lt\/lt\/wp-json\/wp\/v2\/media\/1912"}],"wp:attachment":[{"href":"https:\/\/schultecoach.lt\/lt\/wp-json\/wp\/v2\/media?parent=1687"}],"wp:term":[{"taxonomy":"product_brand","embeddable":true,"href":"https:\/\/schultecoach.lt\/lt\/wp-json\/wp\/v2\/product_brand?post=1687"},{"taxonomy":"product_cat","embeddable":true,"href":"https:\/\/schultecoach.lt\/lt\/wp-json\/wp\/v2\/product_cat?post=1687"},{"taxonomy":"product_tag","embeddable":true,"href":"https:\/\/schultecoach.lt\/lt\/wp-json\/wp\/v2\/product_tag?post=1687"}],"curies":[{"name":"wp","href":"https:\/\/api.w.org\/{rel}","templated":true}]}}