{"id":1681,"date":"2024-06-08T17:17:23","date_gmt":"2024-06-08T17:17:23","guid":{"rendered":"https:\/\/schultecoach.lt\/?post_type=product&#038;p=1681"},"modified":"2025-11-04T11:39:08","modified_gmt":"2025-11-04T11:39:08","slug":"1-on-1-live-coaching","status":"publish","type":"product","link":"https:\/\/schultecoach.lt\/lt\/produktas\/1-on-1-live-coaching","title":{"rendered":"Individualus tiesioginis kou\u010dingas"},"content":{"rendered":"<p>Teikiu individualias gyvas konsultacijas, kurios gali vykti Vilniuje arba u\u017esienyje, gavus kvietim\u0105. Taip pat si\u016blau grupines konsultacijas u\u017e t\u0105 pa\u010di\u0105 kain\u0105.<\/p>\n<p><strong>Kod\u0117l verta rinktis gyv\u0105 kou\u010ding\u0105<\/strong>?<br \/>Pasinaudokite individualiu patarimu, pritaikytu prie j\u016bs\u0173 unikalaus \u017eaidimo stiliaus ir \u012fg\u016bd\u017ei\u0173 lygio, u\u017etikrinan\u010diu spar\u010di\u0105 pa\u017eang\u0105 ir \u012fg\u016bd\u017ei\u0173 tobulinim\u0105.<\/p>\n<p><strong>Holistinis po\u017ei\u016bris<\/strong><br \/>Prisijunkite prie aistring\u0173 snukerio entuziast\u0173 bendruomen\u0117s, puosel\u0117jan\u010dios draugi\u0161kum\u0105, konkurencij\u0105 ir abipus\u012f augim\u0105.<\/p>\n<p><strong>Palaikanti aplinka<\/strong><br \/>A\u0161 daugiausia d\u0117mesio skiriu ne tik techniniams \u012fg\u016bd\u017eiams, bet ir psichologiniams bei strateginiams aspektams, formuodamas jus \u012f visavert\u012f \u017eaid\u0117j\u0105.<\/p>\n<p><strong>Viso gyvenimo prisiminimai<\/strong><br \/>Pasinerkite \u012f transformuojan\u010di\u0105 snuker\u012f, kurkite prisiminimus visam gyvenimui ir tobulinkite savo \u012fg\u016bd\u017eius.<\/p>\n<p>    <strong>Ko tik\u0117tis: <\/strong><br \/><strong><em>I\u0161samios PDF praktikos ataskaitos.<\/em><\/strong><br \/>Gaukite i\u0161sami\u0105 PDF ataskait\u0105, kurioje i\u0161d\u0117stytos konkre\u010dios praktikos gair\u0117s, k\u0105 daryti ir ko nedaryti, bei individual\u0173 b\u016bsim\u0173 treniruo\u010di\u0173 plan\u0105, kuris suteiks jums galimyb\u0119 praktikuotis tikslingai ir tiksliai.<\/p>\n<p><strong><em>Ai\u0161ki dienos treniruo\u010di\u0173 strukt\u016bra.<\/em><\/strong><br \/>I\u0161bandykite strukt\u016brizuot\u0105 mokymo re\u017eim\u0105, pritaikyt\u0105 j\u016bs\u0173 poreikiams, su ai\u0161kiomis instrukcijomis ir specialia piet\u0173 pertrauka, kad b\u016btum\u0117te pails\u0117j\u0119 ir pasiruo\u0161\u0119 \u012fsisavinti suteiktas \u017einias.<\/p>\n<p><strong><em>Savaitinis turnyro \u017eaidimas ir sparingas.<\/em><\/strong><br \/>Dalyvaukite savaitiniuose turnyruose ir var\u017eykit\u0117s su \u012fvairaus lygio \u017eaid\u0117jais, kurie suteiks jums \u012fvairi\u0173 i\u0161\u0161\u016bki\u0173 ir galimybi\u0173 tobulinti savo strategijas.<\/p>\n<p><strong><em>Filmuota \u017eaidimo sesija ir ekspert\u0173 analiz\u0117<\/em><\/strong><br \/>J\u016bs\u0173 \u017eaidimo sesija bus profesionaliai filmuojama, tod\u0117l gal\u0117sime pateikti i\u0161sami\u0105 vaizdo analiz\u0119, nustatyti stipri\u0105sias puses ir tobulintinas sritis, u\u017etikrinant tiksling\u0105 po\u017ei\u016br\u012f \u012f j\u016bs\u0173 treniruotes.<\/p>","protected":false},"excerpt":{"rendered":"<p>Gyvos treniruot\u0117s vyksta Vilnijoje arba u\u017esienyje.<\/p>","protected":false},"featured_media":184,"comment_status":"open","ping_status":"closed","template":"","meta":{"_kadence_starter_templates_imported_post":false,"_kad_post_transparent":"","_kad_post_title":"","_kad_post_layout":"","_kad_post_sidebar_id":"","_kad_post_content_style":"","_kad_post_vertical_padding":"","_kad_post_feature":"","_kad_post_feature_position":"","_kad_post_header":false,"_kad_post_footer":false},"product_brand":[],"product_cat":[39,55],"product_tag":[63,60,56,64,57,65,61,67,66],"class_list":{"0":"post-1681","1":"product","2":"type-product","3":"status-publish","4":"has-post-thumbnail","6":"product_cat-lessons","7":"product_cat-training-programscoaching","8":"product_tag-address-position","9":"product_tag-aimingalignment","10":"product_tag-break-building","11":"product_tag-bridging","12":"product_tag-cue-ball-control","13":"product_tag-match-play","14":"product_tag-potting","15":"product_tag-sports-psychology","16":"product_tag-tournament-preparation","18":"first","19":"instock","20":"shipping-taxable","21":"purchasable","22":"product-type-variable","23":"has-default-attributes","24":"entry","25":"content-bg","26":"loop-entry"},"_links":{"self":[{"href":"https:\/\/schultecoach.lt\/lt\/wp-json\/wp\/v2\/product\/1681","targetHints":{"allow":["GET"]}}],"collection":[{"href":"https:\/\/schultecoach.lt\/lt\/wp-json\/wp\/v2\/product"}],"about":[{"href":"https:\/\/schultecoach.lt\/lt\/wp-json\/wp\/v2\/types\/product"}],"replies":[{"embeddable":true,"href":"https:\/\/schultecoach.lt\/lt\/wp-json\/wp\/v2\/comments?post=1681"}],"wp:featuredmedia":[{"embeddable":true,"href":"https:\/\/schultecoach.lt\/lt\/wp-json\/wp\/v2\/media\/184"}],"wp:attachment":[{"href":"https:\/\/schultecoach.lt\/lt\/wp-json\/wp\/v2\/media?parent=1681"}],"wp:term":[{"taxonomy":"product_brand","embeddable":true,"href":"https:\/\/schultecoach.lt\/lt\/wp-json\/wp\/v2\/product_brand?post=1681"},{"taxonomy":"product_cat","embeddable":true,"href":"https:\/\/schultecoach.lt\/lt\/wp-json\/wp\/v2\/product_cat?post=1681"},{"taxonomy":"product_tag","embeddable":true,"href":"https:\/\/schultecoach.lt\/lt\/wp-json\/wp\/v2\/product_tag?post=1681"}],"curies":[{"name":"wp","href":"https:\/\/api.w.org\/{rel}","templated":true}]}}