{"id":1670,"date":"2024-06-08T16:58:08","date_gmt":"2024-06-08T16:58:08","guid":{"rendered":"https:\/\/schultecoach.lt\/?post_type=product&#038;p=1670"},"modified":"2025-11-04T11:42:59","modified_gmt":"2025-11-04T11:42:59","slug":"online-coaching","status":"publish","type":"product","link":"https:\/\/schultecoach.lt\/lt\/produktas\/online-coaching","title":{"rendered":"Snukerio ir biliardo treniruot\u0117s internetu"},"content":{"rendered":"<p>Si\u016blau internetines snukerio treniruo\u010di\u0173 sesijas \u012fvairiose platformose, tokiose kaip \u201eWhatsApp\u201c, \u201eSkype\u201c, \u201eFacebook\u201c ir \u201eTelegram\u201c. Asmeni\u0161kai man \u201eSkype\u201c yra patogiausias pasirinkimas, nes galiu \u012fra\u0161yti m\u016bs\u0173 sesijas ir, \u017einoma, su j\u016bs\u0173 leidimu, atsi\u0173sti jums vaizdo \u012fra\u0161\u0105 v\u0117liau.<\/p>\n\n\n\n<p><strong>K\u0105 a\u0161 si\u016blau<\/strong>:<br>    \u2013 Individualiai pritaikytos konsultacijos, kaip tobulinti snuker\u012f, apiman\u010dios technik\u0105, taikym\u0105si, biliardo kamuoliuko valdym\u0105 ir <br>    protinis \u017eaidimas.<br>    \u2013 Novatori\u0161kos mokymo id\u0117jos.<br>    \u2013 Individual\u016bs treniruo\u010di\u0173 planai.<br>    \u2013 Treniravimo stilius, pagr\u012fstas sunkiu darbu, disciplina ir psichologiniu \u017eaidimo lavinimu.<br>    \u2013 Asmenin\u0117 ir \u017eaidimo tobul\u0117jimo parama.<\/p>\n\n\n\n<p><strong>Kokie yra privalumai?<\/strong><br>    \u2013 Tobulinkite savo snukerio \u012fg\u016bd\u017eius.<br>    \u2013 I\u0161siugdykite ry\u0161kius \u012fmetimo kampus ir nuosekl\u0173 sm\u016bgio metod\u0105.<br>    \u2013 Meistri\u0161ka ta\u0161k\u0173 skai\u010diavimo ir pertrauk\u0173 valdymo kontrol\u0117.<br>    \u2013 I\u0161mokite dirbti esant spaudimui kaip profesionalas.<br>    \u2013 Mano po\u017ei\u016bris skatina nuosekl\u0173, ilgalaik\u012f tobul\u0117jim\u0105.<\/p>","protected":false},"excerpt":{"rendered":"<p>Internetin\u0117s konsultacijos vaizdo skambu\u010diais, skirtos suasmenintam konsultavimui ir palaikymui i\u0161 bet kurios vietos.<\/p>","protected":false},"featured_media":1891,"comment_status":"closed","ping_status":"closed","template":"","meta":{"_kadence_starter_templates_imported_post":false,"_kad_post_transparent":"","_kad_post_title":"","_kad_post_layout":"","_kad_post_sidebar_id":"","_kad_post_content_style":"","_kad_post_vertical_padding":"","_kad_post_feature":"","_kad_post_feature_position":"","_kad_post_header":false,"_kad_post_footer":false},"product_brand":[],"product_cat":[39],"product_tag":[63,60,56,64,57,65,61,59,67],"class_list":{"0":"post-1670","1":"product","2":"type-product","3":"status-publish","4":"has-post-thumbnail","6":"product_cat-lessons","7":"product_tag-address-position","8":"product_tag-aimingalignment","9":"product_tag-break-building","10":"product_tag-bridging","11":"product_tag-cue-ball-control","12":"product_tag-match-play","13":"product_tag-potting","14":"product_tag-snooker-skills","15":"product_tag-sports-psychology","17":"first","18":"instock","19":"sale","20":"shipping-taxable","21":"purchasable","22":"product-type-variable","23":"has-default-attributes","24":"entry","25":"content-bg","26":"loop-entry"},"_links":{"self":[{"href":"https:\/\/schultecoach.lt\/lt\/wp-json\/wp\/v2\/product\/1670","targetHints":{"allow":["GET"]}}],"collection":[{"href":"https:\/\/schultecoach.lt\/lt\/wp-json\/wp\/v2\/product"}],"about":[{"href":"https:\/\/schultecoach.lt\/lt\/wp-json\/wp\/v2\/types\/product"}],"replies":[{"embeddable":true,"href":"https:\/\/schultecoach.lt\/lt\/wp-json\/wp\/v2\/comments?post=1670"}],"wp:featuredmedia":[{"embeddable":true,"href":"https:\/\/schultecoach.lt\/lt\/wp-json\/wp\/v2\/media\/1891"}],"wp:attachment":[{"href":"https:\/\/schultecoach.lt\/lt\/wp-json\/wp\/v2\/media?parent=1670"}],"wp:term":[{"taxonomy":"product_brand","embeddable":true,"href":"https:\/\/schultecoach.lt\/lt\/wp-json\/wp\/v2\/product_brand?post=1670"},{"taxonomy":"product_cat","embeddable":true,"href":"https:\/\/schultecoach.lt\/lt\/wp-json\/wp\/v2\/product_cat?post=1670"},{"taxonomy":"product_tag","embeddable":true,"href":"https:\/\/schultecoach.lt\/lt\/wp-json\/wp\/v2\/product_tag?post=1670"}],"curies":[{"name":"wp","href":"https:\/\/api.w.org\/{rel}","templated":true}]}}