{"id":1658,"date":"2024-06-08T15:51:13","date_gmt":"2024-06-08T15:51:13","guid":{"rendered":"https:\/\/schultecoach.lt\/?post_type=product&#038;p=1658"},"modified":"2025-11-23T08:21:16","modified_gmt":"2025-11-23T08:21:16","slug":"mentorship-coaching-program","status":"publish","type":"product","link":"https:\/\/schultecoach.lt\/lt\/produktas\/mentorship-coaching-program","title":{"rendered":"Mentoryst\u0117s kou\u010dingo programa Snooker ir Pool"},"content":{"rendered":"<figure class=\"wp-block-video\"><video controls src=\"https:\/\/schultecoach.lt\/wp-content\/uploads\/2024\/07\/2_5307936419388337984-3.mp4\"><\/video><\/figure>\n\n\n\n<p><strong>Kas yra Mentoryst\u0117s programa?<\/strong><br>A\u0161, Vilius Schulte-Ebbertas, esu EBSA profesionalus snukerio treneris, o pagrindinis \u0161ios programos tikslas \u2013 pad\u0117ti jums \u012fveikti su snukerio \u017eaidimu susijusius i\u0161\u0161\u016bkius ir rasti veiksmingus sprendimus. Snukerio \u017eaid\u0117jai yra unikal\u016bs, ir a\u0161 suprantu individualaus treniravimo metodo svarb\u0105 siekiant auk\u0161\u010diausi\u0173 snukerio tiksl\u0173. B\u016bsiu j\u016bs\u0173 mentorius, pad\u0117siantis jums pakelti savo snukerio \u017eaidimo lyg\u012f. Pasidalykite savo snukerio \u017eaidimo vaizdo \u012fra\u0161ais, a\u0161 juos asmeni\u0161kai analizuosiu ir pateiksiu nam\u0173 darbus, kaip patobulinti konkre\u010dias j\u016bs\u0173 \u017eaidimo sritis.<br><\/p>\n\n\n\n<p><strong>Kokie yra privalumai?<\/strong><br>    Tobulinkite savo bendr\u0105 technik\u0105<br>    Ai\u0161kaus treniruo\u010di\u0173 plano, apiman\u010dio individual\u0173 ir rungtyni\u0173 \u017eaidim\u0105, parengimas<br>    Pagerinkite savo protin\u012f \u017eaidim\u0105<br>    Atsparumo ugdymas darbui esant spaudimui<br><strong>K\u0105 a\u0161 si\u016blau<\/strong>:<br>    Asmeninis po\u017ei\u016bris, pritaikytas j\u016bs\u0173 snukeriui.<br>    J\u016bs\u0173 snukerinio \u017eaidimo analiz\u0117 remiantis j\u016bs\u0173 atsi\u0173sta vaizdo med\u017eiaga.<br>    Atsakymai \u012f j\u016bs\u0173 klausimus garso ir vaizdo prane\u0161imais.<br>    Asmeniniai treniruo\u010di\u0173 planai<\/p>\n\n\n\n<figure class=\"wp-block-video\"><video controls src=\"https:\/\/schultecoach.lt\/wp-content\/uploads\/2024\/07\/v3_110723-how-to-film-yourself-for-the-video-analysis_LQ.mp4\"><\/video><\/figure>","protected":false},"excerpt":{"rendered":"<p>B\u016bsiu tavo mentorius, pad\u0117siantis tau pakelti snuker\u012f \u012f auk\u0161tesn\u012f lyg\u012f. Pasidalink savo snuker\u012f \u017eaid\u017eian\u010diais vaizdo \u012fra\u0161ais, o a\u0161 asmeni\u0161kai juos analizuosiu ir duosiu nam\u0173 darb\u0173, kaip patobulinti konkre\u010dias tavo \u017eaidimo sritis.<\/p>","protected":false},"featured_media":244,"comment_status":"closed","ping_status":"closed","template":"","meta":{"_kadence_starter_templates_imported_post":false,"_kad_post_transparent":"","_kad_post_title":"","_kad_post_layout":"","_kad_post_sidebar_id":"","_kad_post_content_style":"","_kad_post_vertical_padding":"","_kad_post_feature":"","_kad_post_feature_position":"","_kad_post_header":false,"_kad_post_footer":false},"product_brand":[],"product_cat":[36,39,55],"product_tag":[63,60,56,64,57,65,61,59],"class_list":{"0":"post-1658","1":"product","2":"type-product","3":"status-publish","4":"has-post-thumbnail","6":"product_cat-courses","7":"product_cat-lessons","8":"product_cat-training-programscoaching","9":"product_tag-address-position","10":"product_tag-aimingalignment","11":"product_tag-break-building","12":"product_tag-bridging","13":"product_tag-cue-ball-control","14":"product_tag-match-play","15":"product_tag-potting","16":"product_tag-snooker-skills","18":"first","19":"instock","20":"sale","21":"featured","22":"shipping-taxable","23":"purchasable","24":"product-type-variable","25":"has-default-attributes","26":"entry","27":"content-bg","28":"loop-entry"},"_links":{"self":[{"href":"https:\/\/schultecoach.lt\/lt\/wp-json\/wp\/v2\/product\/1658","targetHints":{"allow":["GET"]}}],"collection":[{"href":"https:\/\/schultecoach.lt\/lt\/wp-json\/wp\/v2\/product"}],"about":[{"href":"https:\/\/schultecoach.lt\/lt\/wp-json\/wp\/v2\/types\/product"}],"replies":[{"embeddable":true,"href":"https:\/\/schultecoach.lt\/lt\/wp-json\/wp\/v2\/comments?post=1658"}],"wp:featuredmedia":[{"embeddable":true,"href":"https:\/\/schultecoach.lt\/lt\/wp-json\/wp\/v2\/media\/244"}],"wp:attachment":[{"href":"https:\/\/schultecoach.lt\/lt\/wp-json\/wp\/v2\/media?parent=1658"}],"wp:term":[{"taxonomy":"product_brand","embeddable":true,"href":"https:\/\/schultecoach.lt\/lt\/wp-json\/wp\/v2\/product_brand?post=1658"},{"taxonomy":"product_cat","embeddable":true,"href":"https:\/\/schultecoach.lt\/lt\/wp-json\/wp\/v2\/product_cat?post=1658"},{"taxonomy":"product_tag","embeddable":true,"href":"https:\/\/schultecoach.lt\/lt\/wp-json\/wp\/v2\/product_tag?post=1658"}],"curies":[{"name":"wp","href":"https:\/\/api.w.org\/{rel}","templated":true}]}}